{"id":5786,"date":"2019-04-16T08:41:48","date_gmt":"2019-04-16T08:41:48","guid":{"rendered":"https:\/\/shop.bucketwines.com\/?post_type=product&#038;p=5786"},"modified":"2022-06-24T12:28:26","modified_gmt":"2022-06-24T12:28:26","slug":"tasting-box-all-bucket-6-flessen","status":"publish","type":"product","link":"https:\/\/www.bucketwines.com\/en\/product\/tasting-box-all-bucket-6-flessen\/","title":{"rendered":"tasting box all BUCKET \u2013 6 bottles"},"content":{"rendered":"<p>Ons hele standaard assortiment om een wereldreis te maken! Een wijn uit Moldavi\u00eb (wit), Frankrijk (ros\u00e9), Macedoni\u00eb (rood) uit de Wachau (wit), Tasmani\u00eb (rood) en Mallorca (rood). Lekkerder wordt het niet.<\/p>","protected":false},"excerpt":{"rendered":"<p>Een mix van onze blend uit de Wachau (wit), Tasmani\u00eb (rood) en Mallorca (rood). Voor de echte liefhebber. Topwijnen in een combinatie proefdoos. Wijnen om iemand eens heerlijk mee in te pakken.<\/p>","protected":false},"featured_media":5778,"template":"","meta":[],"product_cat":[95,64],"product_tag":[],"yoast_head":"<!-- This site is optimized with the Yoast SEO plugin v20.6 - https:\/\/yoast.com\/wordpress\/plugins\/seo\/ -->\n<title>tasting box all BUCKET - 6 flessen - BUCKETwines<\/title>\n<meta name=\"description\" content=\"Ons hele standaard assortiment om een wereldreis te maken! Een wijn uit Moldavi\u00eb, Frankrijk, Macedoni\u00eb uit de Wachau, Tasmani\u00eb en Mallorca. Lekkerder wordt het niet.\u00a0\" \/>\n<meta name=\"robots\" content=\"index, follow, max-snippet:-1, max-image-preview:large, max-video-preview:-1\" \/>\n<link rel=\"canonical\" href=\"https:\/\/www.bucketwines.com\/en\/product\/tasting-box-all-bucket-6-flessen\/\" \/>\n<meta property=\"og:locale\" content=\"en_GB\" \/>\n<meta property=\"og:type\" content=\"article\" \/>\n<meta property=\"og:title\" content=\"tasting box all BUCKET - 6 flessen - BUCKETwines\" \/>\n<meta property=\"og:description\" content=\"Ons hele standaard assortiment om een wereldreis te maken! Een wijn uit Moldavi\u00eb, Frankrijk, Macedoni\u00eb uit de Wachau, Tasmani\u00eb en Mallorca. Lekkerder wordt het niet.\u00a0\" \/>\n<meta property=\"og:url\" content=\"https:\/\/www.bucketwines.com\/en\/product\/tasting-box-all-bucket-6-flessen\/\" \/>\n<meta property=\"og:site_name\" content=\"BUCKETwines\" \/>\n<meta property=\"article:modified_time\" content=\"2022-06-24T12:28:26+00:00\" \/>\n<meta property=\"og:image\" content=\"https:\/\/www.bucketwines.com\/wp-content\/uploads\/2020\/04\/IMG_4731-scaled.jpg\" \/>\n\t<meta property=\"og:image:width\" content=\"2560\" \/>\n\t<meta property=\"og:image:height\" content=\"1510\" \/>\n\t<meta property=\"og:image:type\" content=\"image\/jpeg\" \/>\n<meta name=\"twitter:card\" content=\"summary_large_image\" \/>\n<script type=\"application\/ld+json\" class=\"yoast-schema-graph\">{\"@context\":\"https:\/\/schema.org\",\"@graph\":[{\"@type\":\"WebPage\",\"@id\":\"https:\/\/www.bucketwines.com\/product\/tasting-box-all-bucket-6-flessen\/\",\"url\":\"https:\/\/www.bucketwines.com\/product\/tasting-box-all-bucket-6-flessen\/\",\"name\":\"tasting box all BUCKET - 6 flessen - BUCKETwines\",\"isPartOf\":{\"@id\":\"https:\/\/www.bucketwines.com\/#website\"},\"datePublished\":\"2019-04-16T08:41:48+00:00\",\"dateModified\":\"2022-06-24T12:28:26+00:00\",\"description\":\"Ons hele standaard assortiment om een wereldreis te maken! Een wijn uit Moldavi\u00eb, Frankrijk, Macedoni\u00eb uit de Wachau, Tasmani\u00eb en Mallorca. Lekkerder wordt het niet.\u00a0\",\"breadcrumb\":{\"@id\":\"https:\/\/www.bucketwines.com\/product\/tasting-box-all-bucket-6-flessen\/#breadcrumb\"},\"inLanguage\":\"en-GB\",\"potentialAction\":[{\"@type\":\"ReadAction\",\"target\":[\"https:\/\/www.bucketwines.com\/product\/tasting-box-all-bucket-6-flessen\/\"]}]},{\"@type\":\"BreadcrumbList\",\"@id\":\"https:\/\/www.bucketwines.com\/product\/tasting-box-all-bucket-6-flessen\/#breadcrumb\",\"itemListElement\":[{\"@type\":\"ListItem\",\"position\":1,\"name\":\"Home\",\"item\":\"https:\/\/www.bucketwines.com\/\"},{\"@type\":\"ListItem\",\"position\":2,\"name\":\"Full Shop With Sidebar\",\"item\":\"https:\/\/www.bucketwines.com\/full-shop-with-sidebar\/\"},{\"@type\":\"ListItem\",\"position\":3,\"name\":\"tasting box all BUCKET &#8211; 6 flessen\"}]},{\"@type\":\"WebSite\",\"@id\":\"https:\/\/www.bucketwines.com\/#website\",\"url\":\"https:\/\/www.bucketwines.com\/\",\"name\":\"BUCKETwines\",\"description\":\"What&#039;s on your list?!\",\"potentialAction\":[{\"@type\":\"SearchAction\",\"target\":{\"@type\":\"EntryPoint\",\"urlTemplate\":\"https:\/\/www.bucketwines.com\/?s={search_term_string}\"},\"query-input\":\"required name=search_term_string\"}],\"inLanguage\":\"en-GB\"}]}<\/script>\n<!-- \/ Yoast SEO plugin. -->","yoast_head_json":{"title":"tasting box all BUCKET - 6 flessen - BUCKETwines","description":"Ons hele standaard assortiment om een wereldreis te maken! Een wijn uit Moldavi\u00eb, Frankrijk, Macedoni\u00eb uit de Wachau, Tasmani\u00eb en Mallorca. Lekkerder wordt het niet.\u00a0","robots":{"index":"index","follow":"follow","max-snippet":"max-snippet:-1","max-image-preview":"max-image-preview:large","max-video-preview":"max-video-preview:-1"},"canonical":"https:\/\/www.bucketwines.com\/en\/product\/tasting-box-all-bucket-6-flessen\/","og_locale":"en_GB","og_type":"article","og_title":"tasting box all BUCKET - 6 flessen - BUCKETwines","og_description":"Ons hele standaard assortiment om een wereldreis te maken! Een wijn uit Moldavi\u00eb, Frankrijk, Macedoni\u00eb uit de Wachau, Tasmani\u00eb en Mallorca. Lekkerder wordt het niet.\u00a0","og_url":"https:\/\/www.bucketwines.com\/en\/product\/tasting-box-all-bucket-6-flessen\/","og_site_name":"BUCKETwines","article_modified_time":"2022-06-24T12:28:26+00:00","og_image":[{"width":2560,"height":1510,"url":"https:\/\/www.bucketwines.com\/wp-content\/uploads\/2020\/04\/IMG_4731-scaled.jpg","type":"image\/jpeg"}],"twitter_card":"summary_large_image","schema":{"@context":"https:\/\/schema.org","@graph":[{"@type":"WebPage","@id":"https:\/\/www.bucketwines.com\/product\/tasting-box-all-bucket-6-flessen\/","url":"https:\/\/www.bucketwines.com\/product\/tasting-box-all-bucket-6-flessen\/","name":"tasting box all BUCKET - 6 flessen - BUCKETwines","isPartOf":{"@id":"https:\/\/www.bucketwines.com\/#website"},"datePublished":"2019-04-16T08:41:48+00:00","dateModified":"2022-06-24T12:28:26+00:00","description":"Ons hele standaard assortiment om een wereldreis te maken! Een wijn uit Moldavi\u00eb, Frankrijk, Macedoni\u00eb uit de Wachau, Tasmani\u00eb en Mallorca. Lekkerder wordt het niet.\u00a0","breadcrumb":{"@id":"https:\/\/www.bucketwines.com\/product\/tasting-box-all-bucket-6-flessen\/#breadcrumb"},"inLanguage":"en-GB","potentialAction":[{"@type":"ReadAction","target":["https:\/\/www.bucketwines.com\/product\/tasting-box-all-bucket-6-flessen\/"]}]},{"@type":"BreadcrumbList","@id":"https:\/\/www.bucketwines.com\/product\/tasting-box-all-bucket-6-flessen\/#breadcrumb","itemListElement":[{"@type":"ListItem","position":1,"name":"Home","item":"https:\/\/www.bucketwines.com\/"},{"@type":"ListItem","position":2,"name":"Full Shop With Sidebar","item":"https:\/\/www.bucketwines.com\/full-shop-with-sidebar\/"},{"@type":"ListItem","position":3,"name":"tasting box all BUCKET &#8211; 6 flessen"}]},{"@type":"WebSite","@id":"https:\/\/www.bucketwines.com\/#website","url":"https:\/\/www.bucketwines.com\/","name":"BUCKETwines","description":"What&#039;s on your list?!","potentialAction":[{"@type":"SearchAction","target":{"@type":"EntryPoint","urlTemplate":"https:\/\/www.bucketwines.com\/?s={search_term_string}"},"query-input":"required name=search_term_string"}],"inLanguage":"en-GB"}]}},"_links":{"self":[{"href":"https:\/\/www.bucketwines.com\/en\/wp-json\/wp\/v2\/product\/5786"}],"collection":[{"href":"https:\/\/www.bucketwines.com\/en\/wp-json\/wp\/v2\/product"}],"about":[{"href":"https:\/\/www.bucketwines.com\/en\/wp-json\/wp\/v2\/types\/product"}],"wp:featuredmedia":[{"embeddable":true,"href":"https:\/\/www.bucketwines.com\/en\/wp-json\/wp\/v2\/media\/5778"}],"wp:attachment":[{"href":"https:\/\/www.bucketwines.com\/en\/wp-json\/wp\/v2\/media?parent=5786"}],"wp:term":[{"taxonomy":"product_cat","embeddable":true,"href":"https:\/\/www.bucketwines.com\/en\/wp-json\/wp\/v2\/product_cat?post=5786"},{"taxonomy":"product_tag","embeddable":true,"href":"https:\/\/www.bucketwines.com\/en\/wp-json\/wp\/v2\/product_tag?post=5786"}],"curies":[{"name":"wp","href":"https:\/\/api.w.org\/{rel}","templated":true}]}}